{"id":9795,"date":"2024-06-07T08:48:24","date_gmt":"2024-06-07T08:48:24","guid":{"rendered":"https:\/\/www.bke.cz\/?page_id=9795"},"modified":"2026-02-11T15:22:47","modified_gmt":"2026-02-11T15:22:47","slug":"ac-dc-zdroje-s-kratkodobym-zalohovanim","status":"publish","type":"page","link":"https:\/\/www.bke.cz\/en\/produkty\/ac-dc-zdroje-s-kratkodobym-zalohovanim\/","title":{"rendered":"AC\/DC power supplies with short-term backup"},"content":{"rendered":"<p><div class=\"fusion-fullwidth fullwidth-box fusion-builder-row-1 fusion-flex-container has-pattern-background has-mask-background nonhundred-percent-fullwidth non-hundred-percent-height-scrolling\" style=\"--awb-border-sizes-bottom:2px;--awb-border-color:#d7d7d7;--awb-border-radius-top-left:0px;--awb-border-radius-top-right:0px;--awb-border-radius-bottom-right:0px;--awb-border-radius-bottom-left:0px;--awb-padding-top:5%;--awb-padding-right:5%;--awb-padding-bottom:5%;--awb-padding-left:5%;--awb-margin-top:0px;--awb-background-color:#ffffff;--awb-flex-wrap:wrap;\" ><div class=\"fusion-builder-row fusion-row fusion-flex-align-items-flex-start fusion-flex-content-wrap\" style=\"max-width:calc( 1200px + 0px );margin-left: calc(-0px \/ 2 );margin-right: calc(-0px \/ 2 );\"><div class=\"fusion-layout-column fusion_builder_column fusion-builder-column-0 fusion_builder_column_1_1 1_1 fusion-flex-column\" style=\"--awb-bg-size:cover;--awb-width-large:100%;--awb-margin-top-large:0px;--awb-spacing-right-large:0px;--awb-margin-bottom-large:20px;--awb-spacing-left-large:0px;--awb-width-medium:100%;--awb-order-medium:0;--awb-spacing-right-medium:0px;--awb-spacing-left-medium:0px;--awb-width-small:100%;--awb-order-small:0;--awb-spacing-right-small:0px;--awb-spacing-left-small:0px;\"><div class=\"fusion-column-wrapper fusion-column-has-shadow fusion-flex-justify-content-flex-start fusion-content-layout-column\"><div class=\"fusion-title title fusion-title-1 fusion-sep-none fusion-title-text fusion-title-size-one\"><h1 class=\"fusion-title-heading title-heading-left\" style=\"margin:0;\">AC\/DC power supply and DC\/DC convertors with short backup<\/h1><\/div><div class=\"fusion-text fusion-text-1\"><p style=\"text-align: left;\">AC\/DC power supplies and DC\/DC converters for powering electronic devices with integrated output voltage backup (SUPERCAP). <br \/>These AC\/DC power supplies can be used to power switchboards with FRT (fault-ride-through) corresponding to VDE-AR-N 4105, or other applications requiring continuous operation even during short-term power outages, or for safe termination of equipment operation during a longer power outage - typically PLC control units.<br \/>The DC\/DC converter can be successfully used to power industrial PCs (IPC) with a voltage of DC 24 V, where its application guarantees trouble-free bridging of a power outage lasting up to several tens of seconds, or controlled termination of IPC operation before power loss.<br \/>\nThe SUPERCAP solution is simple, reliable, affordable and maintenance-free compared to backup using batteries.<br \/>\nThe backup time can be from 5 to 40 seconds depending on the type of source (converter) and its load (output current).<\/p>\n<\/div><div id=\"footable_parent_9771\"\n         class=\"footable_parent ninja_table_wrapper loading_ninja_table wp_table_data_press_parent semantic_ui\">\n                <table data-ninja_table_instance=\"ninja_table_instance_0\" data-footable_id=\"9771\" data-filter-delay=\"1000\" aria-label=\"AC\/DC a DC\/DC zdroje s kr\u00e1tkodob\u00fdm z\u00e1lohov\u00e1n\u00edm super kondenz\u00e1tory\"            id=\"footable_9771\"\n           data-unique_identifier=\"ninja_table_unique_id_3394315847_9771\"\n           class=\"foo-table ninja_footable foo_table_9771 ninja_table_unique_id_3394315847_9771 ui table  ninja_search_right nt_type_legacy_table selectable hide_horizonal_borders striped compact vertical_centered  footable-paging-right hide_all_borders ninja_table_search_disabled ninja_table_pro ninja_table_afd_columns ninja_table_afcs_columns_4 ninja_table_afcl_new_line ninja_table_has_custom_filter\">\n                <colgroup>\n                            <col class=\"ninja_column_0\">\n                            <col class=\"ninja_column_1\">\n                            <col class=\"ninja_column_2\">\n                            <col class=\"ninja_column_3\">\n                            <col class=\"ninja_column_4\">\n                            <col class=\"ninja_column_5\">\n                    <\/colgroup>\n        <thead>\n<tr class=\"footable-header\">\n                                                                                                        <th scope=\"col\"  class=\"ninja_column_0 ninja_clmn_nm_typ\">Type<\/th><th scope=\"col\"  class=\"ninja_column_1 ninja_clmn_nm_vykonova_rada\">Power range<\/th><th scope=\"col\"  class=\"ninja_column_2 ninja_clmn_nm_vystupni_napeti\">Output voltage<\/th><th scope=\"col\"  class=\"ninja_column_3 ninja_clmn_nm_vystupni_proud\">Output current<\/th><th scope=\"col\"  class=\"ninja_column_4 ninja_clmn_nm_poznamka\">Note<\/th><th scope=\"col\"  class=\"ninja_column_5 ninja_clmn_nm_specifikace\">Datasheet<\/th><\/tr>\n<\/thead>\n<tbody>\n\n        <tr data-row_id=\"324\" class=\"ninja_table_row_0 nt_row_id_324\">\n            <td>JS-20-240\/DIN_BUF<\/td><td>20 W<\/td><td>24 V<\/td><td>0,8 A<\/td><td>AC\/DC with SUPERCAP backup<\/td><td><a href=\"\/datasheets\/20209503\/20209503EN.pdf\">Download<\/a><\/td>        <\/tr>\n            <tr data-row_id=\"341\" class=\"ninja_table_row_1 nt_row_id_341\">\n            <td>JS-20-240\/DIN3_BUF<\/td><td>20 W<\/td><td>24 V<\/td><td>0,8 A<\/td><td>AC\/DC with SUPERCAP backup<\/td><td><a href=\"\/datasheets\/20209504\/20209504EN.pdf\">Download<\/a><\/td>        <\/tr>\n            <tr data-row_id=\"325\" class=\"ninja_table_row_2 nt_row_id_325\">\n            <td>JS-30-240\/DIN_BUF<\/td><td>30 W<\/td><td>24 V<\/td><td>1,25 A<\/td><td>AC\/DC with SUPERCAP backup<\/td><td><a href=\"\/datasheets\/20309568\/20309568EN.pdf\">Download<\/a><\/td>        <\/tr>\n            <tr data-row_id=\"427\" class=\"ninja_table_row_3 nt_row_id_427\">\n            <td>SS-30-240\/DIN_BUF<\/td><td>30 W<\/td><td>24 V<\/td><td>1,25 A<\/td><td>DC\/DC with SUPERCAP backup<\/td><td><a href=\"\/datasheets\/30309014\/30309014EN.pdf\">Download<\/a><\/td>        <\/tr>\n            <tr data-row_id=\"425\" class=\"ninja_table_row_4 nt_row_id_425\">\n            <td>SS-15-240\/OF_BUF<\/td><td>30 W<\/td><td>24 V<\/td><td>1,25 A<\/td><td>DC\/DC with SUPERCAP backup<\/td><td><a href=\"\/datasheets\/30159030\/30159030EN.pdf\">Download<\/a><\/td>        <\/tr>\n    <\/tbody><!--ninja_tobody_rendering_done-->\n    <\/table>\n    \n    \n    \n<\/div>\n<\/div><\/div><\/div><\/div><div class=\"fusion-fullwidth fullwidth-box fusion-builder-row-2 fusion-flex-container has-pattern-background has-mask-background nonhundred-percent-fullwidth non-hundred-percent-height-scrolling\" style=\"--awb-border-sizes-bottom:2px;--awb-border-color:#d7d7d7;--awb-border-radius-top-left:0px;--awb-border-radius-top-right:0px;--awb-border-radius-bottom-right:0px;--awb-border-radius-bottom-left:0px;--awb-padding-top:5%;--awb-padding-right:5%;--awb-padding-bottom:5%;--awb-padding-left:5%;--awb-margin-top:50px;--awb-margin-bottom:0px;--awb-background-color:#ffffff;--awb-flex-wrap:wrap;\" ><div class=\"fusion-builder-row fusion-row fusion-flex-align-items-center fusion-flex-content-wrap\" style=\"max-width:1248px;margin-left: calc(-4% \/ 2 );margin-right: calc(-4% \/ 2 );\"><div class=\"fusion-layout-column fusion_builder_column fusion-builder-column-1 fusion_builder_column_1_2 1_2 fusion-flex-column\" style=\"--awb-bg-size:cover;--awb-width-large:50%;--awb-margin-top-large:0px;--awb-spacing-right-large:3.84%;--awb-margin-bottom-large:20px;--awb-spacing-left-large:3.84%;--awb-width-medium:50%;--awb-order-medium:0;--awb-spacing-right-medium:3.84%;--awb-spacing-left-medium:3.84%;--awb-width-small:100%;--awb-order-small:0;--awb-spacing-right-small:1.92%;--awb-spacing-left-small:1.92%;\"><div class=\"fusion-column-wrapper fusion-column-has-shadow fusion-flex-justify-content-flex-start fusion-content-layout-column\"><div class=\"fusion-text fusion-text-2\"><h1>Inquiry<\/h1>\n<p>Are you interested in a product from our offer? Fill out a simple form and our sales representative will contact you as soon as possible.<\/p>\n<\/div><\/div><\/div><div class=\"fusion-layout-column fusion_builder_column fusion-builder-column-2 fusion_builder_column_1_2 1_2 fusion-flex-column\" style=\"--awb-bg-size:cover;--awb-width-large:50%;--awb-margin-top-large:0px;--awb-spacing-right-large:3.84%;--awb-margin-bottom-large:20px;--awb-spacing-left-large:3.84%;--awb-width-medium:50%;--awb-order-medium:0;--awb-spacing-right-medium:3.84%;--awb-spacing-left-medium:3.84%;--awb-width-small:100%;--awb-order-small:0;--awb-spacing-right-small:1.92%;--awb-spacing-left-small:1.92%;\"><div class=\"fusion-column-wrapper fusion-column-has-shadow fusion-flex-justify-content-flex-start fusion-content-layout-column\"><div ><a class=\"fusion-button button-flat fusion-button-default-size button-default fusion-button-default button-1 fusion-button-span-yes fusion-button-default-type\" style=\"--button-border-radius-top-left:0px;--button-border-radius-top-right:0px;--button-border-radius-bottom-right:0px;--button-border-radius-bottom-left:0px;\" target=\"_self\" title=\"Send an inquiry\" aria-label=\"Send an inquiry\" href=\"https:\/\/www.bke.cz\/en\/poptavka\/\"><span class=\"fusion-button-text\">Send an inquiry<\/span><\/a><\/div><\/div><\/div><\/div><\/div>\n<div class=\"fusion-fullwidth fullwidth-box fusion-builder-row-3 fusion-flex-container has-pattern-background has-mask-background nonhundred-percent-fullwidth non-hundred-percent-height-scrolling\" style=\"--awb-border-sizes-bottom:2px;--awb-border-color:#d7d7d7;--awb-border-radius-top-left:0px;--awb-border-radius-top-right:0px;--awb-border-radius-bottom-right:0px;--awb-border-radius-bottom-left:0px;--awb-padding-top:5%;--awb-padding-right:5%;--awb-padding-bottom:5%;--awb-padding-left:5%;--awb-margin-top:50px;--awb-background-color:#ffffff;--awb-flex-wrap:wrap;\" ><div class=\"fusion-builder-row fusion-row fusion-flex-align-items-center fusion-flex-content-wrap\" style=\"max-width:1248px;margin-left: calc(-4% \/ 2 );margin-right: calc(-4% \/ 2 );\"><div class=\"fusion-layout-column fusion_builder_column fusion-builder-column-3 fusion_builder_column_1_2 1_2 fusion-flex-column\" style=\"--awb-bg-size:cover;--awb-width-large:50%;--awb-margin-top-large:0px;--awb-spacing-right-large:3.84%;--awb-margin-bottom-large:20px;--awb-spacing-left-large:3.84%;--awb-width-medium:50%;--awb-order-medium:0;--awb-spacing-right-medium:3.84%;--awb-spacing-left-medium:3.84%;--awb-width-small:100%;--awb-order-small:0;--awb-spacing-right-small:1.92%;--awb-spacing-left-small:1.92%;\"><div class=\"fusion-column-wrapper fusion-column-has-shadow fusion-flex-justify-content-flex-start fusion-content-layout-column\"><div class=\"fusion-text fusion-text-3\"><h1>Customized solution<\/h1>\n<p class=\"translation-block\">Do you need to make an individual product exactly according to your ideas?<br>\nWe are experts in custom work.<\/p>\n<\/div><\/div><\/div><div class=\"fusion-layout-column fusion_builder_column fusion-builder-column-4 fusion_builder_column_1_2 1_2 fusion-flex-column\" style=\"--awb-bg-size:cover;--awb-width-large:50%;--awb-margin-top-large:0px;--awb-spacing-right-large:3.84%;--awb-margin-bottom-large:20px;--awb-spacing-left-large:3.84%;--awb-width-medium:50%;--awb-order-medium:0;--awb-spacing-right-medium:3.84%;--awb-spacing-left-medium:3.84%;--awb-width-small:100%;--awb-order-small:0;--awb-spacing-right-small:1.92%;--awb-spacing-left-small:1.92%;\"><div class=\"fusion-column-wrapper fusion-column-has-shadow fusion-flex-justify-content-flex-start fusion-content-layout-column\"><div ><a class=\"fusion-button button-flat fusion-button-default-size button-default fusion-button-default button-2 fusion-button-span-yes fusion-button-default-type\" style=\"--button-border-radius-top-left:0px;--button-border-radius-top-right:0px;--button-border-radius-bottom-right:0px;--button-border-radius-bottom-left:0px;\" target=\"_self\" href=\"https:\/\/www.bke.cz\/en\/zadost\/\"><span class=\"fusion-button-text\">Send a request<\/span><\/a><\/div><\/div><\/div><\/div><\/div><\/p>","protected":false},"excerpt":{"rendered":"","protected":false},"author":3,"featured_media":0,"parent":8689,"menu_order":0,"comment_status":"closed","ping_status":"closed","template":"","meta":{"footnotes":""},"class_list":["post-9795","page","type-page","status-publish","hentry"],"_links":{"self":[{"href":"https:\/\/www.bke.cz\/en\/wp-json\/wp\/v2\/pages\/9795","targetHints":{"allow":["GET"]}}],"collection":[{"href":"https:\/\/www.bke.cz\/en\/wp-json\/wp\/v2\/pages"}],"about":[{"href":"https:\/\/www.bke.cz\/en\/wp-json\/wp\/v2\/types\/page"}],"author":[{"embeddable":true,"href":"https:\/\/www.bke.cz\/en\/wp-json\/wp\/v2\/users\/3"}],"replies":[{"embeddable":true,"href":"https:\/\/www.bke.cz\/en\/wp-json\/wp\/v2\/comments?post=9795"}],"version-history":[{"count":24,"href":"https:\/\/www.bke.cz\/en\/wp-json\/wp\/v2\/pages\/9795\/revisions"}],"predecessor-version":[{"id":10002,"href":"https:\/\/www.bke.cz\/en\/wp-json\/wp\/v2\/pages\/9795\/revisions\/10002"}],"up":[{"embeddable":true,"href":"https:\/\/www.bke.cz\/en\/wp-json\/wp\/v2\/pages\/8689"}],"wp:attachment":[{"href":"https:\/\/www.bke.cz\/en\/wp-json\/wp\/v2\/media?parent=9795"}],"curies":[{"name":"wp","href":"https:\/\/api.w.org\/{rel}","templated":true}]}}