{"id":9059,"date":"2020-11-24T09:30:20","date_gmt":"2020-11-24T09:30:20","guid":{"rendered":"https:\/\/www.bke.cz\/?page_id=9059"},"modified":"2024-10-11T16:10:38","modified_gmt":"2024-10-11T16:10:38","slug":"ac-dc-zdroje-pro-zalohovane-napajeni","status":"publish","type":"page","link":"https:\/\/www.bke.cz\/en\/produkty\/ac-dc-zdroje-pro-zalohovane-napajeni\/","title":{"rendered":"AC\/DC power supplies for backup power supply"},"content":{"rendered":"<p><div class=\"fusion-fullwidth fullwidth-box fusion-builder-row-1 fusion-flex-container nonhundred-percent-fullwidth non-hundred-percent-height-scrolling\" style=\"--awb-border-sizes-bottom:2px;--awb-border-color:#d7d7d7;--awb-border-radius-top-left:0px;--awb-border-radius-top-right:0px;--awb-border-radius-bottom-right:0px;--awb-border-radius-bottom-left:0px;--awb-padding-top:5%;--awb-padding-right:5%;--awb-padding-bottom:5%;--awb-padding-left:5%;--awb-background-color:#ffffff;--awb-flex-wrap:wrap;\" ><div class=\"fusion-builder-row fusion-row fusion-flex-align-items-flex-start fusion-flex-content-wrap\" style=\"max-width:calc( 1200px + 0px );margin-left: calc(-0px \/ 2 );margin-right: calc(-0px \/ 2 );\"><div class=\"fusion-layout-column fusion_builder_column fusion-builder-column-0 fusion_builder_column_1_1 1_1 fusion-flex-column\" style=\"--awb-bg-size:cover;--awb-width-large:100%;--awb-margin-top-large:0px;--awb-spacing-right-large:0px;--awb-margin-bottom-large:0px;--awb-spacing-left-large:0px;--awb-width-medium:100%;--awb-spacing-right-medium:0px;--awb-spacing-left-medium:0px;--awb-width-small:100%;--awb-spacing-right-small:0px;--awb-spacing-left-small:0px;\"><div class=\"fusion-column-wrapper fusion-flex-justify-content-flex-start fusion-content-layout-column\"><div class=\"fusion-title title fusion-title-1 fusion-sep-none fusion-title-text fusion-title-size-one\"><h1 class=\"fusion-title-heading title-heading-left\" style=\"margin:0;\">AC\/DC power supplies for backup power supply<\/h1><\/div><div class=\"fusion-text fusion-text-1\"><p>Power supplies designed for demanding power requirements of industrial automation and telecommunications technology.<\/p>\n<\/div><div id=\"footable_parent_8576\"\n         class=\"footable_parent ninja_table_wrapper loading_ninja_table wp_table_data_press_parent semantic_ui\">\n                <table data-ninja_table_instance=\"ninja_table_instance_0\" data-footable_id=\"8576\" data-filter-delay=\"1000\" aria-label=\"AC\/DC power supplies for backup power supply\"            id=\"footable_8576\"\n           data-unique_identifier=\"ninja_table_unique_id_2767307900_8576\"\n           class=\"foo-table ninja_footable foo_table_8576 ninja_table_unique_id_2767307900_8576 ui table  nt_type_legacy_table selectable hide_horizonal_borders striped compact vertical_centered  footable-paging-right hide_all_borders ninja_table_search_disabled ninja_table_pro ninja_table_afd_columns ninja_table_afcs_columns_4 ninja_table_afcl_new_line ninja_table_has_custom_filter\">\n                <colgroup>\n                            <col class=\"ninja_column_0\">\n                            <col class=\"ninja_column_1\">\n                            <col class=\"ninja_column_2\">\n                            <col class=\"ninja_column_3\">\n                            <col class=\"ninja_column_4\">\n                            <col class=\"ninja_column_5\">\n                    <\/colgroup>\n        <thead>\n<tr class=\"footable-header\">\n                                                                                                        <th scope=\"col\"  class=\"ninja_column_0 ninja_clmn_nm_typ\">Type<\/th><th scope=\"col\"  class=\"ninja_column_1 ninja_clmn_nm_vykonova_rada\">Power range<\/th><th scope=\"col\"  class=\"ninja_column_2 ninja_clmn_nm_vystupni_napeti\">Output voltage<\/th><th scope=\"col\"  class=\"ninja_column_3 ninja_clmn_nm_vystupni_proud\">Output current<\/th><th scope=\"col\"  class=\"ninja_column_4 ninja_clmn_nm_poznamka\">Note<\/th><th scope=\"col\"  class=\"ninja_column_5 ninja_clmn_nm_specifikace\">Datasheet<\/th><\/tr>\n<\/thead>\n<tbody>\n\n        <tr data-row_id=\"264\" class=\"ninja_table_row_0 nt_row_id_264\">\n            <td>JS-30-138\/DIN_CH<\/td><td>30 W<\/td><td>13,8 V<\/td><td>2 A<\/td><td>20309509<\/td><td><a href=\"\/datasheets\/20309509\/20309509EN.pdf\">Download<\/a><\/td>        <\/tr>\n            <tr data-row_id=\"266\" class=\"ninja_table_row_1 nt_row_id_266\">\n            <td>JS-30-138\/DIN_CH_ODP<\/td><td>30 W<\/td><td>13,8 V<\/td><td>2 A<\/td><td>20309559<\/td><td><a href=\"\/datasheets\/20309559\/20309559EN.pdf\">Download<\/a><\/td>        <\/tr>\n            <tr data-row_id=\"267\" class=\"ninja_table_row_2 nt_row_id_267\">\n            <td>JS-30-275\/DIN_CH_ODP<\/td><td>30 W<\/td><td>27,5 V<\/td><td>1 A<\/td><td>20309561<\/td><td><a href=\"\/datasheets\/20309561\/20309561EN.pdf\">Download<\/a><\/td>        <\/tr>\n            <tr data-row_id=\"268\" class=\"ninja_table_row_3 nt_row_id_268\">\n            <td>JS-51-138-240\/DIN 2A-0.5A<\/td><td>51 W<\/td><td> 13,8-24 V<\/td><td>2A-0.5A<\/td><td>20519013<\/td><td><a href=\"\/datasheets\/20519013\/20519013EN.pdf\">Download<\/a><\/td>        <\/tr>\n            <tr data-row_id=\"269\" class=\"ninja_table_row_4 nt_row_id_269\">\n            <td>JS-51-138-240\/DIN 0.5A-1.5A<\/td><td>51 W<\/td><td>13,8-24 V<\/td><td>0.5A-1.5A<\/td><td>20519015<\/td><td><a href=\"\/datasheets\/20519015\/20519015EN.pdf\">Download<\/a><\/td>        <\/tr>\n            <tr data-row_id=\"240\" class=\"ninja_table_row_5 nt_row_id_240\">\n            <td>JS-75-138\/DIN2_ODP<\/td><td>75 W<\/td><td>13,8 V DC<\/td><td>5 A<\/td><td>charger VRLA\/DDP<\/td><td><a href=\"\/datasheets\/20759239\/20759239EN.pdf\">Download<\/a><\/td>        <\/tr>\n            <tr data-row_id=\"248\" class=\"ninja_table_row_6 nt_row_id_248\">\n            <td>JS-75-138\/DIN2_CH<\/td><td>75 W<\/td><td>13,8 V DC<\/td><td>5 A<\/td><td>charger VRLA <\/td><td><a href=\"\/datasheets\/20759224\/20759224EN.pdf\">Download<\/a><\/td>        <\/tr>\n            <tr data-row_id=\"241\" class=\"ninja_table_row_7 nt_row_id_241\">\n            <td>JS-75-275\/DIN2_CH<\/td><td>75 W<\/td><td>27,5 V DC<\/td><td>2,5 A<\/td><td>Nab\u00edje\u010d  VRLA bateri\u00ed<\/td><td><a href=\"\/datasheets\/20759225\/20759225EN.pdf\">Download<\/a><\/td>        <\/tr>\n            <tr data-row_id=\"242\" class=\"ninja_table_row_8 nt_row_id_242\">\n            <td>JS-75-275\/DIN2_ODP<\/td><td>75 W<\/td><td>27,5 V DC<\/td><td>2,5 A<\/td><td>charger VRLA\/DDP<\/td><td><a href=\"\/datasheets\/20759240\/20759240EN.pdf\">Download<\/a><\/td>        <\/tr>\n            <tr data-row_id=\"250\" class=\"ninja_table_row_9 nt_row_id_250\">\n            <td>JS-150-275\/DIN2_CH<\/td><td>150 W<\/td><td>27,5 V DC<\/td><td>5 A<\/td><td>charger VRLA <\/td><td><a href=\"\/datasheets\/21509225\/21509225EN.pdf\">Download<\/a><\/td>        <\/tr>\n            <tr data-row_id=\"251\" class=\"ninja_table_row_10 nt_row_id_251\">\n            <td>JS-150-545\/DIN2_CH<\/td><td>150 W<\/td><td>54,5 V DC<\/td><td>2,5 A<\/td><td>charger VRLA <\/td><td><a href=\"\/datasheets\/21509226\/21509226EN.pdf\">Download<\/a><\/td>        <\/tr>\n            <tr data-row_id=\"252\" class=\"ninja_table_row_11 nt_row_id_252\">\n            <td>JS-150-138\/DIN2_CH_ODP<\/td><td>150 W<\/td><td>13,8 V DC<\/td><td>10 A<\/td><td>charger VRLA\/DDP <\/td><td><a href=\"\/datasheets\/21509252\/21509252EN.pdf\">Download<\/a><\/td>        <\/tr>\n            <tr data-row_id=\"253\" class=\"ninja_table_row_12 nt_row_id_253\">\n            <td>JS-150-275\/DIN2_CH_ODP<\/td><td>150 W<\/td><td>27,5 V DC<\/td><td>5 A<\/td><td>charger VRLA\/DDP <\/td><td><a href=\"\/datasheets\/21509250\/21509250EN.pdf\">Download<\/a><\/td>        <\/tr>\n            <tr data-row_id=\"254\" class=\"ninja_table_row_13 nt_row_id_254\">\n            <td>JS-150-545\/DIN2_CH_ODP<\/td><td>150 W<\/td><td>54,5 V DC<\/td><td>2,5 A<\/td><td>charger VRLA\/DDP <\/td><td><a href=\"\/datasheets\/21509249\/21509249EN.pdf\">Download<\/a><\/td>        <\/tr>\n            <tr data-row_id=\"271\" class=\"ninja_table_row_14 nt_row_id_271\">\n            <td>JS-300-275\/DIN2_CH<\/td><td>300 W<\/td><td>27,5 V DC<\/td><td>10 A<\/td><td>charger VRLA <\/td><td><a href=\"\/datasheets\/23009228\/23009228EN.pdf\">Download<\/a><\/td>        <\/tr>\n            <tr data-row_id=\"272\" class=\"ninja_table_row_15 nt_row_id_272\">\n            <td>JS-300-545\/DIN2_CH<\/td><td>300 W<\/td><td>54,5 V DC<\/td><td>5,5 A<\/td><td>charger VRLA <\/td><td><a href=\"\/datasheets\/23009229\/23009229EN.pdf\">Download<\/a><\/td>        <\/tr>\n            <tr data-row_id=\"274\" class=\"ninja_table_row_16 nt_row_id_274\">\n            <td>JS-300-275\/DIN2_CH_ODP<\/td><td>300 W<\/td><td>27,5 V DC<\/td><td>10 A<\/td><td>charger VRLA <\/td><td><a href=\"\/datasheets\/23009243\/23009243EN.pdf\">Download<\/a><\/td>        <\/tr>\n            <tr data-row_id=\"275\" class=\"ninja_table_row_17 nt_row_id_275\">\n            <td>JS-300-545\/DIN2_CH_ODP<\/td><td>300 W<\/td><td>54,5 V DC<\/td><td>5 A<\/td><td>charger VRLA <\/td><td><a href=\"\/datasheets\/23009244\/23009244EN.pdf\">Download<\/a><\/td>        <\/tr>\n    <\/tbody><!--ninja_tobody_rendering_done-->\n    <\/table>\n    \n    \n    \n<\/div>\n<\/div><\/div><\/div><\/div><div class=\"fusion-fullwidth fullwidth-box fusion-builder-row-2 fusion-flex-container has-pattern-background has-mask-background nonhundred-percent-fullwidth non-hundred-percent-height-scrolling\" style=\"--awb-border-sizes-bottom:2px;--awb-border-color:#d7d7d7;--awb-border-radius-top-left:0px;--awb-border-radius-top-right:0px;--awb-border-radius-bottom-right:0px;--awb-border-radius-bottom-left:0px;--awb-padding-top:5%;--awb-padding-right:5%;--awb-padding-bottom:5%;--awb-padding-left:5%;--awb-margin-top:50px;--awb-margin-bottom:0px;--awb-background-color:#ffffff;--awb-flex-wrap:wrap;\" ><div class=\"fusion-builder-row fusion-row fusion-flex-align-items-center fusion-flex-content-wrap\" style=\"max-width:1248px;margin-left: calc(-4% \/ 2 );margin-right: calc(-4% \/ 2 );\"><div class=\"fusion-layout-column fusion_builder_column fusion-builder-column-1 fusion_builder_column_1_2 1_2 fusion-flex-column\" style=\"--awb-bg-size:cover;--awb-width-large:50%;--awb-margin-top-large:0px;--awb-spacing-right-large:3.84%;--awb-margin-bottom-large:20px;--awb-spacing-left-large:3.84%;--awb-width-medium:50%;--awb-order-medium:0;--awb-spacing-right-medium:3.84%;--awb-spacing-left-medium:3.84%;--awb-width-small:100%;--awb-order-small:0;--awb-spacing-right-small:1.92%;--awb-spacing-left-small:1.92%;\"><div class=\"fusion-column-wrapper fusion-column-has-shadow fusion-flex-justify-content-flex-start fusion-content-layout-column\"><div class=\"fusion-text fusion-text-2\"><h1>Inquiry<\/h1>\n<p>Are you interested in a product from our offer? Fill out a simple form and our sales representative will contact you as soon as possible.<\/p>\n<\/div><\/div><\/div><div class=\"fusion-layout-column fusion_builder_column fusion-builder-column-2 fusion_builder_column_1_2 1_2 fusion-flex-column\" style=\"--awb-bg-size:cover;--awb-width-large:50%;--awb-margin-top-large:0px;--awb-spacing-right-large:3.84%;--awb-margin-bottom-large:20px;--awb-spacing-left-large:3.84%;--awb-width-medium:50%;--awb-order-medium:0;--awb-spacing-right-medium:3.84%;--awb-spacing-left-medium:3.84%;--awb-width-small:100%;--awb-order-small:0;--awb-spacing-right-small:1.92%;--awb-spacing-left-small:1.92%;\"><div class=\"fusion-column-wrapper fusion-column-has-shadow fusion-flex-justify-content-flex-start fusion-content-layout-column\"><div ><a class=\"fusion-button button-flat fusion-button-default-size button-default fusion-button-default button-1 fusion-button-span-yes fusion-button-default-type\" style=\"--button-border-radius-top-left:0px;--button-border-radius-top-right:0px;--button-border-radius-bottom-right:0px;--button-border-radius-bottom-left:0px;\" target=\"_self\" title=\"Send an inquiry\" aria-label=\"Send an inquiry\" href=\"https:\/\/www.bke.cz\/en\/poptavka\/\"><span class=\"fusion-button-text\">Send an inquiry<\/span><\/a><\/div><\/div><\/div><\/div><\/div>\n<div class=\"fusion-fullwidth fullwidth-box fusion-builder-row-3 fusion-flex-container nonhundred-percent-fullwidth non-hundred-percent-height-scrolling\" style=\"--awb-border-sizes-bottom:2px;--awb-border-color:#d7d7d7;--awb-border-radius-top-left:0px;--awb-border-radius-top-right:0px;--awb-border-radius-bottom-right:0px;--awb-border-radius-bottom-left:0px;--awb-padding-top:5%;--awb-padding-right:5%;--awb-padding-bottom:5%;--awb-padding-left:5%;--awb-margin-top:50px;--awb-background-color:#ffffff;--awb-flex-wrap:wrap;\" ><div class=\"fusion-builder-row fusion-row fusion-flex-align-items-center fusion-flex-content-wrap\" style=\"max-width:1248px;margin-left: calc(-4% \/ 2 );margin-right: calc(-4% \/ 2 );\"><div class=\"fusion-layout-column fusion_builder_column fusion-builder-column-3 fusion_builder_column_1_2 1_2 fusion-flex-column\" style=\"--awb-bg-size:cover;--awb-width-large:50%;--awb-margin-top-large:0px;--awb-spacing-right-large:3.84%;--awb-margin-bottom-large:20px;--awb-spacing-left-large:3.84%;--awb-width-medium:50%;--awb-order-medium:0;--awb-spacing-right-medium:3.84%;--awb-spacing-left-medium:3.84%;--awb-width-small:100%;--awb-order-small:0;--awb-spacing-right-small:1.92%;--awb-spacing-left-small:1.92%;\"><div class=\"fusion-column-wrapper fusion-column-has-shadow fusion-flex-justify-content-flex-start fusion-content-layout-column\"><div class=\"fusion-text fusion-text-3\"><h1>Customized solution<\/h1>\n<p class=\"translation-block\">Do you need to make an individual product exactly according to your ideas?<br>\nWe are experts in custom work.<\/p>\n<\/div><\/div><\/div><div class=\"fusion-layout-column fusion_builder_column fusion-builder-column-4 fusion_builder_column_1_2 1_2 fusion-flex-column\" style=\"--awb-bg-size:cover;--awb-width-large:50%;--awb-margin-top-large:0px;--awb-spacing-right-large:3.84%;--awb-margin-bottom-large:20px;--awb-spacing-left-large:3.84%;--awb-width-medium:50%;--awb-order-medium:0;--awb-spacing-right-medium:3.84%;--awb-spacing-left-medium:3.84%;--awb-width-small:100%;--awb-order-small:0;--awb-spacing-right-small:1.92%;--awb-spacing-left-small:1.92%;\"><div class=\"fusion-column-wrapper fusion-column-has-shadow fusion-flex-justify-content-flex-start fusion-content-layout-column\"><div ><a class=\"fusion-button button-flat fusion-button-default-size button-default fusion-button-default button-2 fusion-button-span-yes fusion-button-default-type\" style=\"--button-border-radius-top-left:0px;--button-border-radius-top-right:0px;--button-border-radius-bottom-right:0px;--button-border-radius-bottom-left:0px;\" target=\"_self\" href=\"https:\/\/www.bke.cz\/en\/zadost\/\"><span class=\"fusion-button-text\">Send a request<\/span><\/a><\/div><\/div><\/div><\/div><\/div><\/p>","protected":false},"excerpt":{"rendered":"","protected":false},"author":1,"featured_media":0,"parent":8689,"menu_order":0,"comment_status":"closed","ping_status":"closed","template":"","meta":{"footnotes":""},"class_list":["post-9059","page","type-page","status-publish","hentry"],"_links":{"self":[{"href":"https:\/\/www.bke.cz\/en\/wp-json\/wp\/v2\/pages\/9059","targetHints":{"allow":["GET"]}}],"collection":[{"href":"https:\/\/www.bke.cz\/en\/wp-json\/wp\/v2\/pages"}],"about":[{"href":"https:\/\/www.bke.cz\/en\/wp-json\/wp\/v2\/types\/page"}],"author":[{"embeddable":true,"href":"https:\/\/www.bke.cz\/en\/wp-json\/wp\/v2\/users\/1"}],"replies":[{"embeddable":true,"href":"https:\/\/www.bke.cz\/en\/wp-json\/wp\/v2\/comments?post=9059"}],"version-history":[{"count":10,"href":"https:\/\/www.bke.cz\/en\/wp-json\/wp\/v2\/pages\/9059\/revisions"}],"predecessor-version":[{"id":9919,"href":"https:\/\/www.bke.cz\/en\/wp-json\/wp\/v2\/pages\/9059\/revisions\/9919"}],"up":[{"embeddable":true,"href":"https:\/\/www.bke.cz\/en\/wp-json\/wp\/v2\/pages\/8689"}],"wp:attachment":[{"href":"https:\/\/www.bke.cz\/en\/wp-json\/wp\/v2\/media?parent=9059"}],"curies":[{"name":"wp","href":"https:\/\/api.w.org\/{rel}","templated":true}]}}